{"id":2729,"date":"2025-04-23T22:42:13","date_gmt":"2025-04-23T20:42:13","guid":{"rendered":"https:\/\/dk-wcs.de\/instrucciones-de-revocacion\/"},"modified":"2025-04-29T12:59:29","modified_gmt":"2025-04-29T10:59:29","slug":"instrucciones-de-revocacion","status":"publish","type":"page","link":"https:\/\/dk-wcs.de\/es\/instrucciones-de-revocacion\/","title":{"rendered":"Instrucciones de revocaci\u00f3n"},"content":{"rendered":"<style>.kb-row-layout-id2296_604970-ee > .kt-row-column-wrap{align-content:start;}:where(.kb-row-layout-id2296_604970-ee > .kt-row-column-wrap) > .wp-block-kadence-column{justify-content:start;}.kb-row-layout-id2296_604970-ee > .kt-row-column-wrap{column-gap:var(--global-kb-gap-md, 2rem);row-gap:var(--global-kb-gap-md, 2rem);max-width:var( --global-content-width, 1290px );padding-left:var(--global-content-edge-padding);padding-right:var(--global-content-edge-padding);padding-top:var(--global-kb-spacing-4xl, 8rem);padding-bottom:var(--global-kb-spacing-xl, 4rem);grid-template-columns:minmax(0, 1fr);}.kb-row-layout-id2296_604970-ee > .kt-row-layout-overlay{opacity:0.30;}@media all and (max-width: 1024px){.kb-row-layout-id2296_604970-ee > .kt-row-column-wrap{grid-template-columns:minmax(0, 1fr);}}@media all and (max-width: 767px){.kb-row-layout-id2296_604970-ee > .kt-row-column-wrap{grid-template-columns:minmax(0, 1fr);}}<\/style><div class=\"kb-row-layout-wrap kb-row-layout-id2296_604970-ee alignfull has-theme-palette8-background-color kt-row-has-bg wp-block-kadence-rowlayout\"><div class=\"kt-row-column-wrap kt-has-1-columns kt-row-layout-equal kt-tab-layout-inherit kt-mobile-layout-row kt-row-valign-top kb-theme-content-width\">\n<style>.kadence-column2296_70d86e-86 > .kt-inside-inner-col,.kadence-column2296_70d86e-86 > .kt-inside-inner-col:before{border-top-left-radius:0px;border-top-right-radius:0px;border-bottom-right-radius:0px;border-bottom-left-radius:0px;}.kadence-column2296_70d86e-86 > .kt-inside-inner-col{column-gap:var(--global-kb-gap-sm, 1rem);}.kadence-column2296_70d86e-86 > .kt-inside-inner-col{flex-direction:column;}.kadence-column2296_70d86e-86 > .kt-inside-inner-col > .aligncenter{width:100%;}.kadence-column2296_70d86e-86 > .kt-inside-inner-col:before{opacity:0.3;}.kadence-column2296_70d86e-86{position:relative;}@media all and (max-width: 1024px){.kadence-column2296_70d86e-86 > .kt-inside-inner-col{flex-direction:column;justify-content:center;}}@media all and (max-width: 767px){.kadence-column2296_70d86e-86 > .kt-inside-inner-col{flex-direction:column;justify-content:center;}}<\/style>\n<div class=\"wp-block-kadence-column kadence-column2296_70d86e-86\"><div class=\"kt-inside-inner-col\"><style>.wp-block-kadence-advancedheading.kt-adv-heading2296_a4b020-f4, .wp-block-kadence-advancedheading.kt-adv-heading2296_a4b020-f4[data-kb-block=\"kb-adv-heading2296_a4b020-f4\"]{text-align:center;font-size:var(--global-kb-font-size-xxl, 4rem);font-style:normal;}.wp-block-kadence-advancedheading.kt-adv-heading2296_a4b020-f4 mark.kt-highlight, .wp-block-kadence-advancedheading.kt-adv-heading2296_a4b020-f4[data-kb-block=\"kb-adv-heading2296_a4b020-f4\"] mark.kt-highlight{font-style:normal;color:#f76a0c;-webkit-box-decoration-break:clone;box-decoration-break:clone;padding-top:0px;padding-right:0px;padding-bottom:0px;padding-left:0px;}.wp-block-kadence-advancedheading.kt-adv-heading2296_a4b020-f4 img.kb-inline-image, .wp-block-kadence-advancedheading.kt-adv-heading2296_a4b020-f4[data-kb-block=\"kb-adv-heading2296_a4b020-f4\"] img.kb-inline-image{width:150px;vertical-align:baseline;}<\/style>\n<h2 class=\"kt-adv-heading2296_a4b020-f4 wp-block-kadence-advancedheading has-theme-palette-3-color has-text-color\" data-kb-block=\"kb-adv-heading2296_a4b020-f4\">Instrucciones de revocaci\u00f3n<\/h2>\n<\/div><\/div>\n\n<\/div><\/div><style>.kb-row-layout-id2296_acac83-f7 > .kt-row-column-wrap{align-content:start;}:where(.kb-row-layout-id2296_acac83-f7 > .kt-row-column-wrap) > .wp-block-kadence-column{justify-content:start;}.kb-row-layout-id2296_acac83-f7 > .kt-row-column-wrap{column-gap:var(--global-kb-gap-md, 2rem);row-gap:var(--global-kb-gap-md, 2rem);max-width:var( --global-content-width, 1290px );padding-left:var(--global-content-edge-padding);padding-right:var(--global-content-edge-padding);padding-top:var(--global-kb-spacing-md, 2rem);padding-bottom:var(--global-kb-spacing-md, 2rem);grid-template-columns:minmax(0, calc(40% - ((var(--global-kb-gap-md, 2rem) * 1 )\/2)))minmax(0, calc(60% - ((var(--global-kb-gap-md, 2rem) * 1 )\/2)));}.kb-row-layout-id2296_acac83-f7{--breakout-negative-margin-right:calc( ( ( ( var(--global-vw, 100vw) - ( var( --global-content-width, 1290px ) - ( var(--global-content-edge-padding)*2 ) ) ) \/ 2 ) *-1) + -1px);--breakout-negative-margin-left:calc( ( ( ( var(--global-vw, 100vw) - ( var( --global-content-width, 1290px ) - ( var(--global-content-edge-padding)*2 ) ) ) \/ 2 ) *-1) + -1px);}@media all and (min-width:1290px){.kb-row-layout-id2296_acac83-f7 > .kt-row-column-wrap > .wp-block-kadence-column:nth-child(1 of *:not(style)):not(.specificity){margin-inline-start:var(--breakout-negative-margin-left);}}.kb-row-layout-id2296_acac83-f7 > .kt-row-layout-overlay{opacity:0.30;}.kb-row-layout-id2296_acac83-f7 .kt-row-layout-bottom-sep{height:100px;}.kb-row-layout-id2296_acac83-f7 .kt-row-layout-bottom-sep svg{width:100%;}.kb-row-layout-id2296_acac83-f7 .kt-row-layout-bottom-sep svg{fill:#ffffff!important;}@media all and (min-width: 1025px){.kb-row-layout-id2296_acac83-f7 > .kt-row-column-wrap > .wp-block-kadence-column:nth-child(1 of *:not(style)){margin-inline-start:calc( var(--global-content-edge-padding) *-1 );}}@media all and (max-width: 1024px){.kb-row-layout-id2296_acac83-f7 > .kt-row-column-wrap{grid-template-columns:repeat(2, minmax(0, 1fr));}}@media all and (max-width: 1024px){.kb-row-layout-id2296_acac83-f7 .kt-row-layout-bottom-sep{height:px;}}@media all and (max-width: 1024px){.kb-row-layout-id2296_acac83-f7 .kt-row-layout-bottom-sep svg{width:%;}}@media all and (min-width: 768px) and (max-width: 1024px){.kb-row-layout-id2296_acac83-f7 > .kt-row-column-wrap:not(.kt-tab-layout-row) > .wp-block-kadence-column:nth-child(1 of *:not(style)){margin-inline-start:calc( var(--global-content-edge-padding) *-1 );}}@media all and (max-width: 767px){.kb-row-layout-id2296_acac83-f7 > .kt-row-column-wrap{grid-template-columns:minmax(0, 1fr);}.kb-row-layout-id2296_acac83-f7 .kt-row-layout-bottom-sep{height:px;}.kb-row-layout-id2296_acac83-f7 .kt-row-layout-bottom-sep svg{width:%;}}<\/style><div class=\"kb-row-layout-wrap kb-row-layout-id2296_acac83-f7 alignfull has-theme-palette9-background-color kt-row-has-bg wp-block-kadence-rowlayout\"><div class=\"kt-row-column-wrap kt-has-2-columns kt-row-layout-equal kt-tab-layout-inherit kt-mobile-layout-row kt-row-valign-top kb-theme-content-width\">\n<style>.kadence-column2296_4e1a1b-62 > .kt-inside-inner-col{display:flex;}#wrapper.site{overflow:clip;}.kadence-column2296_4e1a1b-62{--kb-section-setting-offset:140px;}.kadence-column2296_4e1a1b-62 > .kt-inside-inner-col{padding-left:var(--global-kb-spacing-md, 2rem);}.kadence-column2296_4e1a1b-62 > .kt-inside-inner-col,.kadence-column2296_4e1a1b-62 > .kt-inside-inner-col:before{border-top-left-radius:0px;border-top-right-radius:0px;border-bottom-right-radius:0px;border-bottom-left-radius:0px;}.kadence-column2296_4e1a1b-62 > .kt-inside-inner-col{column-gap:var(--global-kb-gap-sm, 1rem);}.kadence-column2296_4e1a1b-62 > .kt-inside-inner-col{flex-direction:row-reverse;flex-wrap:wrap;align-items:center;}.kadence-column2296_4e1a1b-62 > .kt-inside-inner-col > *, .kadence-column2296_4e1a1b-62 > .kt-inside-inner-col > figure.wp-block-image, .kadence-column2296_4e1a1b-62 > .kt-inside-inner-col > figure.wp-block-kadence-image{margin-top:0px;margin-bottom:0px;}.kadence-column2296_4e1a1b-62 > .kt-inside-inner-col > .kb-image-is-ratio-size{flex-grow:1;}.kadence-column2296_4e1a1b-62 > .kt-inside-inner-col:before{opacity:0.3;}.kadence-column2296_4e1a1b-62{position:relative;}@media all and (max-width: 1024px){.kadence-column2296_4e1a1b-62 > .kt-inside-inner-col{flex-direction:row-reverse;flex-wrap:wrap;align-items:center;}}@media all and (min-width: 768px) and (max-width: 1024px){.kadence-column2296_4e1a1b-62 > .kt-inside-inner-col > *, .kadence-column2296_4e1a1b-62 > .kt-inside-inner-col > figure.wp-block-image, .kadence-column2296_4e1a1b-62 > .kt-inside-inner-col > figure.wp-block-kadence-image{margin-top:0px;margin-bottom:0px;}.kadence-column2296_4e1a1b-62 > .kt-inside-inner-col > .kb-image-is-ratio-size{flex-grow:1;}}@media all and (max-width: 767px){.kadence-column2296_4e1a1b-62 > .kt-inside-inner-col{padding-left:0px;flex-direction:row-reverse;flex-wrap:wrap;justify-content:flex-start;}.kadence-column2296_4e1a1b-62 > .kt-inside-inner-col > *, .kadence-column2296_4e1a1b-62 > .kt-inside-inner-col > figure.wp-block-image, .kadence-column2296_4e1a1b-62 > .kt-inside-inner-col > figure.wp-block-kadence-image{margin-top:0px;margin-bottom:0px;}.kadence-column2296_4e1a1b-62 > .kt-inside-inner-col > .kb-image-is-ratio-size{flex-grow:1;}}<\/style>\n<div class=\"wp-block-kadence-column kadence-column2296_4e1a1b-62 kb-section-is-sticky kb-section-dir-horizontal-reverse\"><div class=\"kt-inside-inner-col\"><style>.kb-table-of-content-nav.kb-table-of-content-id2296_028486-88 .kb-table-of-content-wrap{padding-top:var(--global-kb-spacing-sm, 1.5rem);padding-right:var(--global-kb-spacing-sm, 1.5rem);padding-bottom:var(--global-kb-spacing-sm, 1.5rem);padding-left:var(--global-kb-spacing-sm, 1.5rem);background-color:var(--global-palette3, #1A202C);border-top:1px solid var(--global-palette6, #718096);border-right:1px solid var(--global-palette6, #718096);border-bottom:1px solid var(--global-palette6, #718096);border-left:1px solid var(--global-palette6, #718096);max-width:350px;}.kb-table-of-content-nav.kb-table-of-content-id2296_028486-88 .kb-table-of-contents-title-wrap{padding-top:0px;padding-right:0px;padding-bottom:0px;padding-left:0px;}.kb-table-of-content-nav.kb-table-of-content-id2296_028486-88 .kb-table-of-contents-title-wrap{color:var(--global-palette9, #ffffff);}.kb-table-of-content-nav.kb-table-of-content-id2296_028486-88 .kb-table-of-contents-title{color:var(--global-palette9, #ffffff);font-size:var(--global-kb-font-size-lg, 2rem);letter-spacing:5px;font-weight:inherit;font-style:normal;text-transform:uppercase;}.kb-table-of-content-nav.kb-table-of-content-id2296_028486-88 .kb-table-of-content-wrap .kb-table-of-content-list{color:var(--global-palette9, #ffffff);font-weight:regular;font-style:normal;margin-top:var(--global-kb-spacing-sm, 1.5rem);margin-right:0px;margin-bottom:0px;margin-left:0px;}.kb-table-of-content-nav.kb-table-of-content-id2296_028486-88 .kb-table-of-content-wrap .kb-table-of-content-list .kb-table-of-contents__entry:hover{color:var(--global-palette1, #3182CE);}.kb-table-of-content-nav.kb-table-of-content-id2296_028486-88 .kb-table-of-content-wrap .kb-table-of-content-list .active > .kb-table-of-contents__entry{color:var(--global-palette1, #3182CE);}.kb-table-of-content-nav.kb-table-of-content-id2296_028486-88 .kb-table-of-content-list li{margin-bottom:5px;}.kb-table-of-content-nav.kb-table-of-content-id2296_028486-88 .kb-table-of-content-list li .kb-table-of-contents-list-sub{margin-top:5px;}.kb-table-of-content-nav.kb-table-of-content-id2296_028486-88 .kb-toggle-icon-style-basiccircle .kb-table-of-contents-icon-trigger:after, .kb-table-of-content-nav.kb-table-of-content-id2296_028486-88 .kb-toggle-icon-style-basiccircle .kb-table-of-contents-icon-trigger:before, .kb-table-of-content-nav.kb-table-of-content-id2296_028486-88 .kb-toggle-icon-style-arrowcircle .kb-table-of-contents-icon-trigger:after, .kb-table-of-content-nav.kb-table-of-content-id2296_028486-88 .kb-toggle-icon-style-arrowcircle .kb-table-of-contents-icon-trigger:before, .kb-table-of-content-nav.kb-table-of-content-id2296_028486-88 .kb-toggle-icon-style-xclosecircle .kb-table-of-contents-icon-trigger:after, .kb-table-of-content-nav.kb-table-of-content-id2296_028486-88 .kb-toggle-icon-style-xclosecircle .kb-table-of-contents-icon-trigger:before{background-color:var(--global-palette3, #1A202C);}@media all and (max-width: 1024px){.kb-table-of-content-nav.kb-table-of-content-id2296_028486-88 .kb-table-of-content-wrap{border-top:1px solid var(--global-palette6, #718096);border-right:1px solid var(--global-palette6, #718096);border-bottom:1px solid var(--global-palette6, #718096);border-left:1px solid var(--global-palette6, #718096);}}@media all and (max-width: 767px){.kb-table-of-content-nav.kb-table-of-content-id2296_028486-88 .kb-table-of-content-wrap{border-top:1px solid var(--global-palette6, #718096);border-right:1px solid var(--global-palette6, #718096);border-bottom:1px solid var(--global-palette6, #718096);border-left:1px solid var(--global-palette6, #718096);}}<\/style><\/div><\/div>\n\n\n<style>.kadence-column2296_48af95-9b > .kt-inside-inner-col{display:flex;}.kadence-column2296_48af95-9b > .kt-inside-inner-col,.kadence-column2296_48af95-9b > .kt-inside-inner-col:before{border-top-left-radius:0px;border-top-right-radius:0px;border-bottom-right-radius:0px;border-bottom-left-radius:0px;}.kadence-column2296_48af95-9b > .kt-inside-inner-col{column-gap:var(--global-kb-gap-sm, 1rem);}.kadence-column2296_48af95-9b > .kt-inside-inner-col{flex-direction:column;justify-content:center;}.kadence-column2296_48af95-9b > .kt-inside-inner-col > .aligncenter{width:100%;}.kt-row-column-wrap > .kadence-column2296_48af95-9b{align-self:center;}.kt-inner-column-height-full:not(.kt-has-1-columns) > .wp-block-kadence-column.kadence-column2296_48af95-9b{align-self:auto;}.kt-inner-column-height-full:not(.kt-has-1-columns) > .wp-block-kadence-column.kadence-column2296_48af95-9b > .kt-inside-inner-col{flex-direction:column;justify-content:center;}.kadence-column2296_48af95-9b > .kt-inside-inner-col:before{opacity:0.3;}.kadence-column2296_48af95-9b{text-align:left;}.kadence-column2296_48af95-9b{position:relative;}@media all and (max-width: 1024px){.kt-row-column-wrap > .kadence-column2296_48af95-9b{align-self:center;}}@media all and (max-width: 1024px){.kt-inner-column-height-full:not(.kt-has-1-columns) > .wp-block-kadence-column.kadence-column2296_48af95-9b{align-self:auto;}}@media all and (max-width: 1024px){.kt-inner-column-height-full:not(.kt-has-1-columns) > .wp-block-kadence-column.kadence-column2296_48af95-9b > .kt-inside-inner-col{flex-direction:column;justify-content:center;}}@media all and (max-width: 1024px){.kadence-column2296_48af95-9b > .kt-inside-inner-col{flex-direction:column;justify-content:center;}}@media all and (max-width: 767px){.kt-row-column-wrap > .kadence-column2296_48af95-9b{align-self:center;}.kt-inner-column-height-full:not(.kt-has-1-columns) > .wp-block-kadence-column.kadence-column2296_48af95-9b{align-self:auto;}.kt-inner-column-height-full:not(.kt-has-1-columns) > .wp-block-kadence-column.kadence-column2296_48af95-9b > .kt-inside-inner-col{flex-direction:column;justify-content:center;}.kadence-column2296_48af95-9b > .kt-inside-inner-col{flex-direction:column;justify-content:center;}}<\/style>\n<div class=\"wp-block-kadence-column kadence-column2296_48af95-9b kb-section-dir-vertical\"><div class=\"kt-inside-inner-col\"><style>.kb-row-layout-id2296_b48bea-2e > .kt-row-column-wrap{align-content:start;}:where(.kb-row-layout-id2296_b48bea-2e > .kt-row-column-wrap) > .wp-block-kadence-column{justify-content:start;}.kb-row-layout-id2296_b48bea-2e > .kt-row-column-wrap{column-gap:var(--global-kb-gap-md, 2rem);row-gap:var(--global-kb-gap-md, 2rem);max-width:500px;margin-left:auto;margin-right:auto;padding-top:var(--global-kb-spacing-sm, 1.5rem);padding-bottom:var(--global-kb-spacing-sm, 1.5rem);grid-template-columns:minmax(0, 1fr);}.kb-row-layout-id2296_b48bea-2e > .kt-row-layout-overlay{opacity:0.30;}@media all and (max-width: 1024px){.kb-row-layout-id2296_b48bea-2e > .kt-row-column-wrap{grid-template-columns:minmax(0, 1fr);}}@media all and (max-width: 767px){.kb-row-layout-id2296_b48bea-2e > .kt-row-column-wrap{grid-template-columns:minmax(0, 1fr);}}<\/style><div class=\"kb-row-layout-wrap kb-row-layout-id2296_b48bea-2e alignnone wp-block-kadence-rowlayout\"><div class=\"kt-row-column-wrap kt-has-1-columns kt-row-layout-equal kt-tab-layout-inherit kt-mobile-layout-row kt-row-valign-top\">\n<style>.kadence-column2296_4c5014-32 > .kt-inside-inner-col,.kadence-column2296_4c5014-32 > .kt-inside-inner-col:before{border-top-left-radius:0px;border-top-right-radius:0px;border-bottom-right-radius:0px;border-bottom-left-radius:0px;}.kadence-column2296_4c5014-32 > .kt-inside-inner-col{column-gap:var(--global-kb-gap-sm, 1rem);}.kadence-column2296_4c5014-32 > .kt-inside-inner-col{flex-direction:column;}.kadence-column2296_4c5014-32 > .kt-inside-inner-col > .aligncenter{width:100%;}.kadence-column2296_4c5014-32 > .kt-inside-inner-col:before{opacity:0.3;}.kadence-column2296_4c5014-32{position:relative;}@media all and (max-width: 1024px){.kadence-column2296_4c5014-32 > .kt-inside-inner-col{flex-direction:column;justify-content:center;}}@media all and (max-width: 767px){.kadence-column2296_4c5014-32 > .kt-inside-inner-col{flex-direction:column;justify-content:center;}}<\/style>\n<div class=\"wp-block-kadence-column kadence-column2296_4c5014-32\"><div class=\"kt-inside-inner-col\">\n<h3 class=\"wp-block-heading\">Derecho de revocaci\u00f3n para consumidores<\/h3>\n\n\n\n<p>(Se considera consumidor a toda persona f\u00edsica que celebra un negocio jur\u00eddico con fines que, en su mayor parte, no pueden atribuirse ni a su actividad comercial ni a su actividad profesional independiente.)<\/p>\n\n\n\n<h1 class=\"wp-block-heading\">Instrucciones de revocaci\u00f3n<\/h1>\n\n\n\n<h3 class=\"wp-block-heading\">Derecho de desistimiento<\/h3>\n\n\n\n<p>Usted tiene derecho a rescindir este contrato en un plazo de 30 d\u00edas sin necesidad de justificaci\u00f3n.<\/p>\n\n\n\n<p>El per\u00edodo de desistimiento es de 30 d\u00edas a partir de la fecha<\/p>\n\n\n\n<ul class=\"wp-block-list\">\n<li>en que usted o un tercero designado por usted, que no sea el transportista, haya tomado posesi\u00f3n de los bienes, en caso de que haya pedido uno o varios productos en el marco de un pedido \u00fanico y estos se entreguen de forma unificada, o<\/li>\n\n\n\n<li>en que usted o un tercero designado por usted, que no sea el transportista, haya tomado posesi\u00f3n del \u00faltimo producto, en caso de que haya pedido varios productos en el marco de un pedido \u00fanico y estos se entreguen por separado, o<\/li>\n\n\n\n<li>en que usted o un tercero designado por usted, que no sea el transportista, haya tomado posesi\u00f3n del \u00faltimo env\u00edo parcial o de la \u00faltima pieza, en caso de que haya pedido un producto que se entregue en varios env\u00edos parciales o piezas, o<\/li>\n\n\n\n<li>en que usted o un tercero designado por usted, que no sea el transportista, haya tomado posesi\u00f3n del primer producto, en caso de que haya celebrado un contrato para la entrega peri\u00f3dica de productos durante un per\u00edodo determinado.<\/li>\n<\/ul>\n\n\n\n<p>Para ejercer su derecho de desistimiento, debe informarnos (Dominik Neugebauer, Rh\u00f6nstr. 1 B, 44807 Bochum, Alemania, n\u00famero de tel\u00e9fono: 0151-15674328, direcci\u00f3n de correo electr\u00f3nico: info@dk-wcs.de) mediante una declaraci\u00f3n inequ\u00edvoca (por ejemplo, una carta enviada por correo postal o correo electr\u00f3nico) de su decisi\u00f3n de rescindir este contrato. Puede utilizar el modelo de formulario de desistimiento adjunto, aunque no es obligatorio. <\/p>\n\n\n\n<p>Para cumplir el plazo de desistimiento, basta con que env\u00ede la comunicaci\u00f3n relativa al ejercicio del derecho de desistimiento antes de que expire el plazo de desistimiento.<\/p>\n\n\n\n<h3 class=\"wp-block-heading\">Consecuencias de la revocaci\u00f3n<\/h3>\n\n\n\n<p>Si rescinde este contrato, le reembolsaremos todos los pagos que hayamos recibido de usted, incluidos los gastos de env\u00edo (con excepci\u00f3n de los costes adicionales resultantes de su elecci\u00f3n de una modalidad de entrega diferente a la entrega est\u00e1ndar m\u00e1s econ\u00f3mica que ofrecemos), sin dilaci\u00f3n indebida y, en todo caso, a m\u00e1s tardar en un plazo de catorce d\u00edas a partir de la fecha en que recibamos la comunicaci\u00f3n de su desistimiento de este contrato. Para este reembolso, utilizaremos el mismo medio de pago que usted utiliz\u00f3 para la transacci\u00f3n original, a menos que se haya acordado expresamente lo contrario con usted; en ning\u00fan caso se le cobrar\u00e1 por este reembolso. <\/p>\n\n\n\n<p>Podemos negarnos a efectuar el reembolso hasta que hayamos recibido los bienes de vuelta o hasta que usted haya presentado prueba de haber devuelto los bienes, lo que ocurra primero.<\/p>\n\n\n\n<p>Deber\u00e1 devolvernos o entregarnos los productos sin demora indebida y, en cualquier caso, a m\u00e1s tardar en un plazo de catorce d\u00edas a partir de la fecha en que nos comunique su desistimiento de este contrato. Se considerar\u00e1 cumplido el plazo si env\u00eda los productos antes de que expire el plazo de catorce d\u00edas. <\/p>\n\n\n\n<p>Usted deber\u00e1 asumir los costes directos de devoluci\u00f3n de los bienes.<\/p>\n\n\n\n<p>Solo deber\u00e1 responder de la p\u00e9rdida de valor de los bienes si esta p\u00e9rdida de valor es consecuencia de una manipulaci\u00f3n de los mismos no necesaria para comprobar su naturaleza, caracter\u00edsticas y funcionamiento.<\/p>\n\n\n\n<h3 class=\"wp-block-heading\">Exclusi\u00f3n del derecho de desistimiento<\/h3>\n\n\n\n<p>El derecho de desistimiento no es aplicable, seg\u00fan el \u00a7 312g p\u00e1rrafo 2 del C\u00f3digo Civil alem\u00e1n (BGB), en los siguientes casos: <\/p>\n\n\n\n<ul class=\"wp-block-list\">\n<li>Contratos de suministro de productos y contenidos digitales que no est\u00e9n prefabricados y para cuya elaboraci\u00f3n sea determinante una elecci\u00f3n o especificaci\u00f3n individual por parte del consumidor, o que est\u00e9n claramente adaptados a las necesidades personales del consumidor<\/li>\n\n\n\n<li>El derecho de desistimiento expira prematuramente si comenzamos la ejecuci\u00f3n del contrato solo despu\u00e9s de que usted haya dado su consentimiento expreso para ello y al mismo tiempo haya confirmado su conocimiento de que pierde su derecho de desistimiento con el inicio de la ejecuci\u00f3n del contrato por nuestra parte. Se\u00f1alamos que podemos hacer depender la celebraci\u00f3n del contrato de su consentimiento y confirmaci\u00f3n antes mencionados. <\/li>\n<\/ul>\n\n\n\n<h2 class=\"wp-block-heading\">Modelo de formulario de revocaci\u00f3n<\/h2>\n\n\n\n<p>(Si desea revocar el contrato, por favor, rellene este formulario y env\u00edenoslo.)<\/p>\n\n\n\n<p>\u2013 A<\/p>\n\n\n\n<p>Dominik Neugebauer, Rh\u00f6nstr. 1 B, 44807 Bochum, Alemania, n\u00famero de tel\u00e9fono: 0151-15674328, direcci\u00f3n de correo electr\u00f3nico: info@dk-wcs.de <\/p>\n\n\n\n<p>\u2013 Por la presente, yo\/nosotros (*) revoco\/revocamos el contrato celebrado por m\u00ed\/nosotros (*) para la compra de los siguientes productos (*)\/la prestaci\u00f3n del siguiente servicio (*)<\/p>\n\n\n\n<p>\u2013 Pedido el (*)\/recibido el (*)<\/p>\n\n\n\n<p>\u2013 Nombre del\/de los consumidor(es)<\/p>\n\n\n\n<p>\u2013 Direcci\u00f3n del\/de los consumidor(es)<\/p>\n\n\n\n<p>\u2013 Firma del\/de los consumidor(es) (solo en caso de notificaci\u00f3n en papel)<\/p>\n\n\n\n<p>\u2013 Fecha<\/p>\n\n\n\n<p>___________<br\/>(*) T\u00e1chese lo que no proceda.<\/p>\n<\/div><\/div>\n\n<\/div><\/div><\/div><\/div>\n\n<\/div><\/div>","protected":false},"excerpt":{"rendered":"<p>Instrucciones de revocaci\u00f3n Derecho de revocaci\u00f3n para consumidores (Se considera consumidor a toda persona f\u00edsica que celebra un negocio jur\u00eddico con fines que, en su mayor parte, no pueden atribuirse&#8230;<\/p>\n","protected":false},"author":1,"featured_media":0,"parent":0,"menu_order":0,"comment_status":"closed","ping_status":"closed","template":"","meta":{"_kad_blocks_custom_css":"","_kad_blocks_head_custom_js":"","_kad_blocks_body_custom_js":"","_kad_blocks_footer_custom_js":"","_EventAllDay":false,"_EventTimezone":"","_EventStartDate":"","_EventEndDate":"","_EventStartDateUTC":"","_EventEndDateUTC":"","_EventShowMap":false,"_EventShowMapLink":false,"_EventURL":"","_EventCost":"","_EventCostDescription":"","_EventCurrencySymbol":"","_EventCurrencyCode":"","_EventCurrencyPosition":"","_EventDateTimeSeparator":"","_EventTimeRangeSeparator":"","_EventOrganizerID":[],"_EventVenueID":[],"_OrganizerEmail":"","_OrganizerPhone":"","_OrganizerWebsite":"","_VenueAddress":"","_VenueCity":"","_VenueCountry":"","_VenueProvince":"","_VenueState":"","_VenueZip":"","_VenuePhone":"","_VenueURL":"","_VenueStateProvince":"","_VenueLat":"","_VenueLng":"","_VenueShowMap":false,"_VenueShowMapLink":false,"_kadence_starter_templates_imported_post":false,"_kad_post_transparent":"","_kad_post_title":"","_kad_post_layout":"","_kad_post_sidebar_id":"","_kad_post_content_style":"","_kad_post_vertical_padding":"","_kad_post_feature":"","_kad_post_feature_position":"","_kad_post_header":false,"_kad_post_footer":false,"_kad_post_classname":"","footnotes":""},"class_list":["post-2729","page","type-page","status-publish","hentry"],"pure_taxonomies":[],"taxonomy_info":[],"featured_image_src_large":false,"author_info":{"display_name":"kontakt@dk-wcs.de","author_link":"https:\/\/dk-wcs.de\/es\/author\/kontaktdk-wcs-de\/"},"comment_info":0,"_links":{"self":[{"href":"https:\/\/dk-wcs.de\/es\/wp-json\/wp\/v2\/pages\/2729","targetHints":{"allow":["GET"]}}],"collection":[{"href":"https:\/\/dk-wcs.de\/es\/wp-json\/wp\/v2\/pages"}],"about":[{"href":"https:\/\/dk-wcs.de\/es\/wp-json\/wp\/v2\/types\/page"}],"author":[{"embeddable":true,"href":"https:\/\/dk-wcs.de\/es\/wp-json\/wp\/v2\/users\/1"}],"replies":[{"embeddable":true,"href":"https:\/\/dk-wcs.de\/es\/wp-json\/wp\/v2\/comments?post=2729"}],"version-history":[{"count":1,"href":"https:\/\/dk-wcs.de\/es\/wp-json\/wp\/v2\/pages\/2729\/revisions"}],"predecessor-version":[{"id":2730,"href":"https:\/\/dk-wcs.de\/es\/wp-json\/wp\/v2\/pages\/2729\/revisions\/2730"}],"wp:attachment":[{"href":"https:\/\/dk-wcs.de\/es\/wp-json\/wp\/v2\/media?parent=2729"}],"curies":[{"name":"wp","href":"https:\/\/api.w.org\/{rel}","templated":true}]}}