{"id":3205,"date":"2025-05-06T00:28:08","date_gmt":"2025-05-05T22:28:08","guid":{"rendered":"https:\/\/dk-wcs.de\/produkt\/mockjudge-duo\/"},"modified":"2025-05-06T15:37:25","modified_gmt":"2025-05-06T13:37:25","slug":"mockjudge-duo","status":"publish","type":"product","link":"https:\/\/dk-wcs.de\/es\/produkt\/mockjudge-duo\/","title":{"rendered":"Mockjudge (D\u00fao)"},"content":{"rendered":"<p><span style=\"color: #800080;\"><strong>\ud83c\udfc6 GANADOR EN RELACI\u00d3N CALIDAD-PRECIO \ud83c\udfc6<\/strong><\/span><\/p>\n<ul>\n<li>Acceso durante <strong>5 d\u00edas<\/strong> a las herramientas de Mockjudging <strong>Mockjudge (Prelim)<\/strong> y <strong>Mockjudge (Final)<\/strong><\/li>\n<li>Adecuado para <strong>1 evento<\/strong> que desee evaluar mediante Mockjudging<\/li>\n<li>Comienza con la activaci\u00f3n\/pago del pase<\/li>\n<li>Incluye las <strong>divisiones oficiales<\/strong> (Newcomer, Novice, Intermediate, Advanced, AllStars y Champion)<\/li>\n<li><strong>(Prelim)<\/strong> Selecci\u00f3n de roles que desea juzgar (Leader o Follower)<\/li>\n<li><strong>(Prelim)<\/strong> Especificaci\u00f3n libre de participantes del rol, slots de Marshalling, heats, as\u00ed como callbacks (Yes) y alternos (Alt)<\/li>\n<li><strong>(Final)<\/strong> Especificaci\u00f3n libre del n\u00famero de parejas de Final y funci\u00f3n de rotaci\u00f3n (Importante para All-Skate\/Jam, reasignaci\u00f3n autom\u00e1tica de parejas, \u00abEn sentido horario\u00bb y \u00abEn sentido antihorario\u00bb)<\/li>\n<li><strong>Funci\u00f3n de ocultaci\u00f3n,<\/strong> para una postura m\u00e1s relajada de su dispositivo m\u00f3vil y una mayor profesionalidad<\/li>\n<li><strong>Almacenamiento local<\/strong> en su dispositivo (sin sincronizaci\u00f3n entre dispositivos, para seguridad local)<\/li>\n<\/ul>\n","protected":false},"excerpt":{"rendered":"<p>\ud83c\udfc6 GANADOR EN RELACI\u00d3N CALIDAD-PRECIO \ud83c\udfc6 Acceso durante 5 d\u00edas a las herramientas de Mockjudging Mockjudge (Prelim) y Mockjudge (Final) Adecuado para 1 evento que desee evaluar mediante Mockjudging Comienza&#8230;<\/p>\n","protected":false},"featured_media":2553,"template":"","meta":{"_kad_blocks_custom_css":"","_kad_blocks_head_custom_js":"","_kad_blocks_body_custom_js":"","_kad_blocks_footer_custom_js":"","_EventAllDay":false,"_EventTimezone":"","_EventStartDate":"","_EventEndDate":"","_EventStartDateUTC":"","_EventEndDateUTC":"","_EventShowMap":false,"_EventShowMapLink":false,"_EventURL":"","_EventCost":"","_EventCostDescription":"","_EventCurrencySymbol":"","_EventCurrencyCode":"","_EventCurrencyPosition":"","_EventDateTimeSeparator":"","_EventTimeRangeSeparator":"","_EventOrganizerID":[],"_EventVenueID":[],"_OrganizerEmail":"","_OrganizerPhone":"","_OrganizerWebsite":"","_VenueAddress":"","_VenueCity":"","_VenueCountry":"","_VenueProvince":"","_VenueState":"","_VenueZip":"","_VenuePhone":"","_VenueURL":"","_VenueStateProvince":"","_VenueLat":"","_VenueLng":"","_VenueShowMap":false,"_VenueShowMapLink":false,"_kadence_starter_templates_imported_post":false,"_kad_post_transparent":"","_kad_post_title":"","_kad_post_layout":"","_kad_post_sidebar_id":"","_kad_post_content_style":"","_kad_post_vertical_padding":"","_kad_post_feature":"","_kad_post_feature_position":"","_kad_post_header":false,"_kad_post_footer":false,"_kad_post_classname":""},"product_brand":[],"product_cat":[136],"product_tag":[],"class_list":{"0":"post-3205","1":"product","2":"type-product","3":"status-publish","4":"has-post-thumbnail","6":"product_cat-sin-categoria","8":"first","9":"instock","10":"virtual","11":"sold-individually","12":"taxable","13":"purchasable","14":"product-type-simple","15":"entry","16":"content-bg","17":"loop-entry"},"pure_taxonomies":{"product_cat":[{"term_id":136,"name":"Sin categor\u00eda","slug":"sin-categoria","term_group":0,"term_taxonomy_id":136,"taxonomy":"product_cat","description":"","parent":0,"count":3,"filter":"raw","image":""}]},"taxonomy_info":{"product_cat":[{"value":136,"label":"Sin categor\u00eda"}]},"featured_image_src_large":["https:\/\/cdn.dk-wcs.de\/wp-content\/uploads\/2025\/04\/Judging-Tool-App-Icon-1024x1024.jpeg",1024,1024,true],"author_info":[],"comment_info":"","_links":{"self":[{"href":"https:\/\/dk-wcs.de\/es\/wp-json\/wp\/v2\/product\/3205","targetHints":{"allow":["GET"]}}],"collection":[{"href":"https:\/\/dk-wcs.de\/es\/wp-json\/wp\/v2\/product"}],"about":[{"href":"https:\/\/dk-wcs.de\/es\/wp-json\/wp\/v2\/types\/product"}],"wp:featuredmedia":[{"embeddable":true,"href":"https:\/\/dk-wcs.de\/es\/wp-json\/wp\/v2\/media\/2553"}],"wp:attachment":[{"href":"https:\/\/dk-wcs.de\/es\/wp-json\/wp\/v2\/media?parent=3205"}],"wp:term":[{"taxonomy":"product_brand","embeddable":true,"href":"https:\/\/dk-wcs.de\/es\/wp-json\/wp\/v2\/product_brand?post=3205"},{"taxonomy":"product_cat","embeddable":true,"href":"https:\/\/dk-wcs.de\/es\/wp-json\/wp\/v2\/product_cat?post=3205"},{"taxonomy":"product_tag","embeddable":true,"href":"https:\/\/dk-wcs.de\/es\/wp-json\/wp\/v2\/product_tag?post=3205"}],"curies":[{"name":"wp","href":"https:\/\/api.w.org\/{rel}","templated":true}]}}