{"id":2701,"date":"2025-04-25T10:38:25","date_gmt":"2025-04-25T08:38:25","guid":{"rendered":"https:\/\/dk-wcs.de\/reserver-levenement\/"},"modified":"2025-04-29T12:46:42","modified_gmt":"2025-04-29T10:46:42","slug":"reserver-levenement","status":"publish","type":"page","link":"https:\/\/dk-wcs.de\/fr\/reserver-levenement\/","title":{"rendered":"R\u00e9server l&rsquo;\u00e9v\u00e9nement"},"content":{"rendered":"<style>.kb-row-layout-id2310_3656f4-ba > .kt-row-column-wrap{align-content:start;}:where(.kb-row-layout-id2310_3656f4-ba > .kt-row-column-wrap) > .wp-block-kadence-column{justify-content:start;}.kb-row-layout-id2310_3656f4-ba > .kt-row-column-wrap{column-gap:var(--global-kb-gap-md, 2rem);row-gap:var(--global-kb-gap-md, 2rem);padding-top:var(--global-kb-spacing-sm, 1.5rem);padding-bottom:var(--global-kb-spacing-sm, 1.5rem);grid-template-columns:minmax(0, 1fr);}.kb-row-layout-id2310_3656f4-ba > .kt-row-layout-overlay{opacity:0.30;}@media all and (max-width: 1024px){.kb-row-layout-id2310_3656f4-ba > .kt-row-column-wrap{grid-template-columns:minmax(0, 1fr);}}@media all and (max-width: 767px){.kb-row-layout-id2310_3656f4-ba > .kt-row-column-wrap{grid-template-columns:minmax(0, 1fr);}}<\/style><div class=\"kb-row-layout-wrap kb-row-layout-id2310_3656f4-ba alignnone wp-block-kadence-rowlayout\"><div class=\"kt-row-column-wrap kt-has-1-columns kt-row-layout-equal kt-tab-layout-inherit kt-mobile-layout-row kt-row-valign-top\">\n<style>.kadence-column2310_a96513-3b > .kt-inside-inner-col,.kadence-column2310_a96513-3b > .kt-inside-inner-col:before{border-top-left-radius:0px;border-top-right-radius:0px;border-bottom-right-radius:0px;border-bottom-left-radius:0px;}.kadence-column2310_a96513-3b > .kt-inside-inner-col{column-gap:var(--global-kb-gap-sm, 1rem);}.kadence-column2310_a96513-3b > .kt-inside-inner-col{flex-direction:column;}.kadence-column2310_a96513-3b > .kt-inside-inner-col > .aligncenter{width:100%;}.kadence-column2310_a96513-3b > .kt-inside-inner-col:before{opacity:0.3;}.kadence-column2310_a96513-3b{position:relative;}@media all and (max-width: 1024px){.kadence-column2310_a96513-3b > .kt-inside-inner-col{flex-direction:column;justify-content:center;}}@media all and (max-width: 767px){.kadence-column2310_a96513-3b > .kt-inside-inner-col{flex-direction:column;justify-content:center;}}<\/style>\n<div class=\"wp-block-kadence-column kadence-column2310_a96513-3b\"><div class=\"kt-inside-inner-col\">\n<div class=\"tidycal-embed\" data-path=\"team\/dk-wcs-event\"><\/div><script src=\"https:\/\/asset-tidycal.b-cdn.net\/js\/embed.js\" async=\"\"><\/script>\n<\/div><\/div>\n\n<\/div><\/div>\n<p><\/p>\n","protected":false},"excerpt":{"rendered":"","protected":false},"author":1,"featured_media":2399,"parent":0,"menu_order":0,"comment_status":"closed","ping_status":"closed","template":"","meta":{"_kad_blocks_custom_css":"","_kad_blocks_head_custom_js":"","_kad_blocks_body_custom_js":"","_kad_blocks_footer_custom_js":"","_EventAllDay":false,"_EventTimezone":"","_EventStartDate":"","_EventEndDate":"","_EventStartDateUTC":"","_EventEndDateUTC":"","_EventShowMap":false,"_EventShowMapLink":false,"_EventURL":"","_EventCost":"","_EventCostDescription":"","_EventCurrencySymbol":"","_EventCurrencyCode":"","_EventCurrencyPosition":"","_EventDateTimeSeparator":"","_EventTimeRangeSeparator":"","_EventOrganizerID":[],"_EventVenueID":[],"_OrganizerEmail":"","_OrganizerPhone":"","_OrganizerWebsite":"","_VenueAddress":"","_VenueCity":"","_VenueCountry":"","_VenueProvince":"","_VenueState":"","_VenueZip":"","_VenuePhone":"","_VenueURL":"","_VenueStateProvince":"","_VenueLat":"","_VenueLng":"","_VenueShowMap":false,"_VenueShowMapLink":false,"_kadence_starter_templates_imported_post":false,"_kad_post_transparent":"","_kad_post_title":"","_kad_post_layout":"","_kad_post_sidebar_id":"","_kad_post_content_style":"","_kad_post_vertical_padding":"","_kad_post_feature":"","_kad_post_feature_position":"","_kad_post_header":false,"_kad_post_footer":false,"_kad_post_classname":"","footnotes":""},"class_list":["post-2701","page","type-page","status-publish","has-post-thumbnail","hentry"],"pure_taxonomies":[],"taxonomy_info":[],"featured_image_src_large":["https:\/\/cdn.dk-wcs.de\/wp-content\/uploads\/2025\/04\/West-Coast-Swing-jnj-Dip-1024x892.jpg",1024,892,true],"author_info":{"display_name":"kontakt@dk-wcs.de","author_link":"https:\/\/dk-wcs.de\/fr\/author\/kontaktdk-wcs-de\/"},"comment_info":0,"_links":{"self":[{"href":"https:\/\/dk-wcs.de\/fr\/wp-json\/wp\/v2\/pages\/2701","targetHints":{"allow":["GET"]}}],"collection":[{"href":"https:\/\/dk-wcs.de\/fr\/wp-json\/wp\/v2\/pages"}],"about":[{"href":"https:\/\/dk-wcs.de\/fr\/wp-json\/wp\/v2\/types\/page"}],"author":[{"embeddable":true,"href":"https:\/\/dk-wcs.de\/fr\/wp-json\/wp\/v2\/users\/1"}],"replies":[{"embeddable":true,"href":"https:\/\/dk-wcs.de\/fr\/wp-json\/wp\/v2\/comments?post=2701"}],"version-history":[{"count":1,"href":"https:\/\/dk-wcs.de\/fr\/wp-json\/wp\/v2\/pages\/2701\/revisions"}],"predecessor-version":[{"id":2702,"href":"https:\/\/dk-wcs.de\/fr\/wp-json\/wp\/v2\/pages\/2701\/revisions\/2702"}],"wp:featuredmedia":[{"embeddable":true,"href":"https:\/\/dk-wcs.de\/fr\/wp-json\/wp\/v2\/media\/2399"}],"wp:attachment":[{"href":"https:\/\/dk-wcs.de\/fr\/wp-json\/wp\/v2\/media?parent=2701"}],"curies":[{"name":"wp","href":"https:\/\/api.w.org\/{rel}","templated":true}]}}