{"id":3207,"date":"2025-05-06T00:28:08","date_gmt":"2025-05-05T22:28:08","guid":{"rendered":"https:\/\/dk-wcs.de\/produkt\/mockjudge-duo\/"},"modified":"2025-05-06T15:37:25","modified_gmt":"2025-05-06T13:37:25","slug":"mockjudge-duo","status":"publish","type":"product","link":"https:\/\/dk-wcs.de\/fr\/produkt\/mockjudge-duo\/","title":{"rendered":"Mockjudge (Duo)"},"content":{"rendered":"<p><span style=\"color: #800080;\"><strong>\ud83c\udfc6 LAUR\u00c9AT DU RAPPORT QUALIT\u00c9-PRIX \ud83c\udfc6<\/strong><\/span><\/p>\n<ul>\n<li>Acc\u00e8s pendant <strong>cinq jours<\/strong> aux outils de simulation de jugement <strong>Mockjudge (Prelim)<\/strong> et <strong>Mockjudge (Final)<\/strong><\/li>\n<li>Appropri\u00e9 pour <strong>un \u00e9v\u00e9nement<\/strong> que vous souhaitez simuler en tant que juge<\/li>\n<li>D\u00e9but \u00e0 l&rsquo;activation\/au paiement du pass<\/li>\n<li>Comprend les <strong>divisions officielles<\/strong> (Newcomer, Novice, Intermediate, Advanced, AllStars et Champion)<\/li>\n<li><strong>(Prelim)<\/strong> S\u00e9lection des r\u00f4les que vous souhaitez juger (Leader ou Follower)<\/li>\n<li><strong>(Prelim)<\/strong> Saisie libre des participants par r\u00f4le, des cr\u00e9neaux Marshalling, des s\u00e9ries, ainsi que des rappels (Yes) et des rempla\u00e7ants (Alt)<\/li>\n<li><strong>(Final)<\/strong> Saisie libre du nombre de couples Final et fonction de rotation (Important pour All-Skate\/Jam, r\u00e9affectation automatique des partenaires, \u00ab\u00a0Dans le sens horaire\u00a0\u00bb et \u00ab\u00a0Dans le sens antihoraire\u00a0\u00bb)<\/li>\n<li><strong>Fonction de masquage,<\/strong> pour une posture plus d\u00e9tendue de votre appareil mobile et une plus grande professionnalit\u00e9<\/li>\n<li><strong>Stockage local<\/strong> sur votre appareil (pas de synchronisation entre les appareils, pour une s\u00e9curit\u00e9 locale)<\/li>\n<\/ul>\n","protected":false},"excerpt":{"rendered":"<p>\ud83c\udfc6 LAUR\u00c9AT DU RAPPORT QUALIT\u00c9-PRIX \ud83c\udfc6 Acc\u00e8s pendant cinq jours aux outils de simulation de jugement Mockjudge (Prelim) et Mockjudge (Final) Appropri\u00e9 pour un \u00e9v\u00e9nement que vous souhaitez simuler en&#8230;<\/p>\n","protected":false},"featured_media":2552,"template":"","meta":{"_kad_blocks_custom_css":"","_kad_blocks_head_custom_js":"","_kad_blocks_body_custom_js":"","_kad_blocks_footer_custom_js":"","_EventAllDay":false,"_EventTimezone":"","_EventStartDate":"","_EventEndDate":"","_EventStartDateUTC":"","_EventEndDateUTC":"","_EventShowMap":false,"_EventShowMapLink":false,"_EventURL":"","_EventCost":"","_EventCostDescription":"","_EventCurrencySymbol":"","_EventCurrencyCode":"","_EventCurrencyPosition":"","_EventDateTimeSeparator":"","_EventTimeRangeSeparator":"","_EventOrganizerID":[],"_EventVenueID":[],"_OrganizerEmail":"","_OrganizerPhone":"","_OrganizerWebsite":"","_VenueAddress":"","_VenueCity":"","_VenueCountry":"","_VenueProvince":"","_VenueState":"","_VenueZip":"","_VenuePhone":"","_VenueURL":"","_VenueStateProvince":"","_VenueLat":"","_VenueLng":"","_VenueShowMap":false,"_VenueShowMapLink":false,"_kadence_starter_templates_imported_post":false,"_kad_post_transparent":"","_kad_post_title":"","_kad_post_layout":"","_kad_post_sidebar_id":"","_kad_post_content_style":"","_kad_post_vertical_padding":"","_kad_post_feature":"","_kad_post_feature_position":"","_kad_post_header":false,"_kad_post_footer":false,"_kad_post_classname":""},"product_brand":[],"product_cat":[22],"product_tag":[],"class_list":{"0":"post-3207","1":"product","2":"type-product","3":"status-publish","4":"has-post-thumbnail","6":"product_cat-unkategorisiert","8":"first","9":"instock","10":"virtual","11":"sold-individually","12":"taxable","13":"purchasable","14":"product-type-simple","15":"entry","16":"content-bg","17":"loop-entry"},"pure_taxonomies":{"product_cat":[{"term_id":22,"name":"Unkategorisiert","slug":"unkategorisiert","term_group":0,"term_taxonomy_id":22,"taxonomy":"product_cat","description":"","parent":0,"count":6,"filter":"raw","image":""}]},"taxonomy_info":{"product_cat":[{"value":22,"label":"Unkategorisiert"}]},"featured_image_src_large":["https:\/\/cdn.dk-wcs.de\/wp-content\/uploads\/2025\/04\/Judging-Tool-App-Icon-1024x1024.jpeg",1024,1024,true],"author_info":[],"comment_info":"","_links":{"self":[{"href":"https:\/\/dk-wcs.de\/fr\/wp-json\/wp\/v2\/product\/3207","targetHints":{"allow":["GET"]}}],"collection":[{"href":"https:\/\/dk-wcs.de\/fr\/wp-json\/wp\/v2\/product"}],"about":[{"href":"https:\/\/dk-wcs.de\/fr\/wp-json\/wp\/v2\/types\/product"}],"wp:featuredmedia":[{"embeddable":true,"href":"https:\/\/dk-wcs.de\/fr\/wp-json\/wp\/v2\/media\/2552"}],"wp:attachment":[{"href":"https:\/\/dk-wcs.de\/fr\/wp-json\/wp\/v2\/media?parent=3207"}],"wp:term":[{"taxonomy":"product_brand","embeddable":true,"href":"https:\/\/dk-wcs.de\/fr\/wp-json\/wp\/v2\/product_brand?post=3207"},{"taxonomy":"product_cat","embeddable":true,"href":"https:\/\/dk-wcs.de\/fr\/wp-json\/wp\/v2\/product_cat?post=3207"},{"taxonomy":"product_tag","embeddable":true,"href":"https:\/\/dk-wcs.de\/fr\/wp-json\/wp\/v2\/product_tag?post=3207"}],"curies":[{"name":"wp","href":"https:\/\/api.w.org\/{rel}","templated":true}]}}